{"id":268,"date":"2025-01-22T10:57:28","date_gmt":"2025-01-22T10:57:28","guid":{"rendered":"https:\/\/topmallorcarealestate.com\/?page_id=268"},"modified":"2025-01-23T16:26:21","modified_gmt":"2025-01-23T16:26:21","slug":"cookie-preferences","status":"publish","type":"page","link":"https:\/\/topmallorcarealestate.com\/en\/cookie-preferences\/","title":{"rendered":"Cookie Preferences"},"content":{"rendered":"<div data-elementor-type=\"wp-page\" data-elementor-id=\"268\" class=\"elementor elementor-268\" data-elementor-post-type=\"page\">\n\t\t\t\t\t\t<section class=\"elementor-section elementor-top-section elementor-element elementor-element-76814e08 elementor-section-boxed elementor-section-height-default elementor-section-height-default\" data-id=\"76814e08\" data-element_type=\"section\" data-settings=\"{&quot;background_background&quot;:&quot;classic&quot;}\">\n\t\t\t\t\t\t\t<div class=\"elementor-background-overlay\"><\/div>\n\t\t\t\t\t\t\t<div class=\"elementor-container elementor-column-gap-no\">\n\t\t\t\t\t<div class=\"elementor-column elementor-col-100 elementor-top-column elementor-element elementor-element-78cece2\" data-id=\"78cece2\" data-element_type=\"column\">\n\t\t\t<div class=\"elementor-widget-wrap elementor-element-populated\">\n\t\t\t\t\t\t<section class=\"elementor-section elementor-inner-section elementor-element elementor-element-2d3ca436 elementor-section-boxed elementor-section-height-default elementor-section-height-default\" data-id=\"2d3ca436\" data-element_type=\"section\" data-settings=\"{&quot;background_background&quot;:&quot;slideshow&quot;,&quot;background_slideshow_gallery&quot;:[],&quot;background_slideshow_loop&quot;:&quot;yes&quot;,&quot;background_slideshow_slide_duration&quot;:5000,&quot;background_slideshow_slide_transition&quot;:&quot;fade&quot;,&quot;background_slideshow_transition_duration&quot;:500}\">\n\t\t\t\t\t\t<div class=\"elementor-container elementor-column-gap-no\">\n\t\t\t\t\t<div class=\"elementor-column elementor-col-50 elementor-inner-column elementor-element elementor-element-83e7665\" data-id=\"83e7665\" data-element_type=\"column\">\n\t\t\t<div class=\"elementor-widget-wrap elementor-element-populated\">\n\t\t\t\t\t\t<div class=\"elementor-element elementor-element-9ebfaaa elementor-widget elementor-widget-heading\" data-id=\"9ebfaaa\" data-element_type=\"widget\" data-widget_type=\"heading.default\">\n\t\t\t\t<div class=\"elementor-widget-container\">\n\t\t\t\t\t<h1 class=\"elementor-heading-title elementor-size-default\">Cookie Preferences<\/h1>\t\t\t\t<\/div>\n\t\t\t\t<\/div>\n\t\t\t\t\t<\/div>\n\t\t<\/div>\n\t\t\t\t<div class=\"elementor-column elementor-col-50 elementor-inner-column elementor-element elementor-element-50c71101\" data-id=\"50c71101\" data-element_type=\"column\">\n\t\t\t<div class=\"elementor-widget-wrap\">\n\t\t\t\t\t\t\t<\/div>\n\t\t<\/div>\n\t\t\t\t\t<\/div>\n\t\t<\/section>\n\t\t\t\t\t<\/div>\n\t\t<\/div>\n\t\t\t\t\t<\/div>\n\t\t<\/section>\n\t\t\t\t<section class=\"elementor-section elementor-top-section elementor-element elementor-element-5c9547c7 elementor-section-boxed elementor-section-height-default elementor-section-height-default\" data-id=\"5c9547c7\" data-element_type=\"section\">\n\t\t\t\t\t\t<div class=\"elementor-container elementor-column-gap-no\">\n\t\t\t\t\t<div class=\"elementor-column elementor-col-100 elementor-top-column elementor-element elementor-element-637258fe\" data-id=\"637258fe\" data-element_type=\"column\">\n\t\t\t<div class=\"elementor-widget-wrap elementor-element-populated\">\n\t\t\t\t\t\t<div class=\"elementor-element elementor-element-248aaceb elementor-widget elementor-widget-text-editor\" data-id=\"248aaceb\" data-element_type=\"widget\" data-widget_type=\"text-editor.default\">\n\t\t\t\t<div class=\"elementor-widget-container\">\n\t\t\t\t\t\t\t\t\t<div class=\"page-header\">\u00a0<\/div><div class=\"page-content\"><div><div id=\"custom-cookies-eu-label\">The website https:\/\/topmallorcarealestate.com uses its own and third-party cookies for its proper functioning and for analytical purposes. By clicking the Accept button, you agree to the use of these technologies and the processing of your data for these purposes.<\/div><div>\u00a0<\/div><div id=\"custom-cookies-eu-buttons\" class=\"cookies-eu-buttons\"><button id=\"custom-cookies-eu-reject\" class=\"cookies-eu-reject\">DECLINE<\/button>\u00a0<button id=\"custom-cookies-eu-accept\" class=\"cookies-eu-accept\">ACCEPT ALL COOKIES<\/button><\/div><\/div><br \/><p>You can change your cookie preferences at any time by returning to the Customize Cookies page, which you can access via the Cookie Notice. To learn more about cookies and how we use them, please see the\u00a0<a href=\"https:\/\/topmallorcarealestate.com\/en\/cookie-policy\/\">Cookie Policy<\/a>.<\/p><h3>Technical Cookies<\/h3><p>These cookies allow registered users to browse the website, the restricted area, and use its various functions, such as the comment system or the search engine, and cannot be deactivated.<\/p><div class=\"custom-cookies-option\"><h3>Analysis or Measurement Cookies<\/h3><input id=\"custom-cookies-accept-analytics\" class=\"custom-cookies-radio\" name=\"cookies-analytics-option\" type=\"radio\" value=\"true\" data-consent=\"ANLTCS\" \/>\u00a0<label for=\"custom-cookies-accept-analytics\">Activate<\/label>\u00a0\u00a0\u00a0\u00a0<input id=\"custom-cookies-reject-analytics\" class=\"custom-cookies-radio\" checked=\"checked\" name=\"cookies-analytics-option\" type=\"radio\" value=\"false\" data-consent=\"ANLTCS\" \/>\u00a0<label for=\"custom-cookies-reject-analytics\">Deactivate<\/label><\/div><p>These cookies, whether processed by the website or by third parties, allow us to quantify the number of users and thus perform statistical measurements and analysis of website usage. To do this, we analyze your browsing habits on this website in order to improve it.<\/p><div class=\"custom-cookies-option\"><h3>Social Cookies<\/h3><input id=\"custom-cookies-accept-social\" class=\"custom-cookies-radio\" name=\"cookies-social-option\" type=\"radio\" value=\"true\" data-consent=\"SCLS\" \/>\u00a0<label for=\"custom-cookies-accept-social\">Activate<\/label>\u00a0\u00a0\u00a0\u00a0<input id=\"custom-cookies-reject-social\" class=\"custom-cookies-radio\" checked=\"checked\" name=\"cookies-social-option\" type=\"radio\" value=\"false\" data-consent=\"SCLS\" \/>\u00a0<label for=\"custom-cookies-reject-social\">Deactivate<\/label><\/div><p>They are set by social media platforms to allow users to share content with their friends and networks.<\/p><\/div>\t\t\t\t\t\t\t\t<\/div>\n\t\t\t\t<\/div>\n\t\t\t\t\t<\/div>\n\t\t<\/div>\n\t\t\t\t\t<\/div>\n\t\t<\/section>\n\t\t\t\t<\/div>","protected":false},"excerpt":{"rendered":"<p>Preferencias de Cookies \u00a0El sitio Web https:\/\/topmallorcarealestate.com utiliza cookies propias y de terceros para su correcto funcionamiento y para fines anal\u00edticos. Al hacer clic en el bot\u00f3n Aceptar, acepta el uso de estas tecnolog\u00edas y el procesamiento de sus datos para estos prop\u00f3sitos.\u00a0RECHAZAR\u00a0ACEPTAR TODAS LAS COOKIES Puedes cambiar tus preferencias de cookies en cualquier momento [&hellip;]<\/p>","protected":false},"author":1,"featured_media":0,"parent":0,"menu_order":0,"comment_status":"closed","ping_status":"closed","template":"elementor_header_footer","meta":{"_joinchat":[],"footnotes":""},"class_list":["post-268","page","type-page","status-publish","hentry"],"yoast_head":"<!-- This site is optimized with the Yoast SEO plugin v25.1 - https:\/\/yoast.com\/wordpress\/plugins\/seo\/ -->\n<title>Preferencias de Cookies - Top Mallorca Real Estate<\/title>\n<meta name=\"robots\" content=\"noindex, nofollow\" \/>\n<meta property=\"og:locale\" content=\"en_GB\" \/>\n<meta property=\"og:type\" content=\"article\" \/>\n<meta property=\"og:title\" content=\"Preferencias de Cookies - Top Mallorca Real Estate\" \/>\n<meta property=\"og:description\" content=\"Preferencias de Cookies \u00a0El sitio Web https:\/\/topmallorcarealestate.com utiliza cookies propias y de terceros para su correcto funcionamiento y para fines anal\u00edticos. Al hacer clic en el bot\u00f3n Aceptar, acepta el uso de estas tecnolog\u00edas y el procesamiento de sus datos para estos prop\u00f3sitos.\u00a0RECHAZAR\u00a0ACEPTAR TODAS LAS COOKIES Puedes cambiar tus preferencias de cookies en cualquier momento [&hellip;]\" \/>\n<meta property=\"og:url\" content=\"https:\/\/topmallorcarealestate.com\/en\/cookie-preferences\/\" \/>\n<meta property=\"og:site_name\" content=\"Top Mallorca Real Estate\" \/>\n<meta property=\"article:modified_time\" content=\"2025-01-23T16:26:21+00:00\" \/>\n<meta name=\"twitter:card\" content=\"summary_large_image\" \/>\n<meta name=\"twitter:label1\" content=\"Estimated reading time\" \/>\n\t<meta name=\"twitter:data1\" content=\"1 minute\" \/>\n<script type=\"application\/ld+json\" class=\"yoast-schema-graph\">{\"@context\":\"https:\/\/schema.org\",\"@graph\":[{\"@type\":\"WebPage\",\"@id\":\"https:\/\/topmallorcarealestate.com\/preferencias-de-cookies\/\",\"url\":\"https:\/\/topmallorcarealestate.com\/preferencias-de-cookies\/\",\"name\":\"Preferencias de Cookies - Top Mallorca Real Estate\",\"isPartOf\":{\"@id\":\"https:\/\/topmallorcarealestate.com\/#website\"},\"datePublished\":\"2025-01-22T10:57:28+00:00\",\"dateModified\":\"2025-01-23T16:26:21+00:00\",\"breadcrumb\":{\"@id\":\"https:\/\/topmallorcarealestate.com\/preferencias-de-cookies\/#breadcrumb\"},\"inLanguage\":\"en-GB\",\"potentialAction\":[{\"@type\":\"ReadAction\",\"target\":[\"https:\/\/topmallorcarealestate.com\/preferencias-de-cookies\/\"]}]},{\"@type\":\"BreadcrumbList\",\"@id\":\"https:\/\/topmallorcarealestate.com\/preferencias-de-cookies\/#breadcrumb\",\"itemListElement\":[{\"@type\":\"ListItem\",\"position\":1,\"name\":\"Portada\",\"item\":\"https:\/\/topmallorcarealestate.com\/\"},{\"@type\":\"ListItem\",\"position\":2,\"name\":\"Preferencias de Cookies\"}]},{\"@type\":\"WebSite\",\"@id\":\"https:\/\/topmallorcarealestate.com\/#website\",\"url\":\"https:\/\/topmallorcarealestate.com\/\",\"name\":\"Top Mallorca Real Estate\",\"description\":\"Tu Inmobiliaria de Confianza en Mallorca\",\"potentialAction\":[{\"@type\":\"SearchAction\",\"target\":{\"@type\":\"EntryPoint\",\"urlTemplate\":\"https:\/\/topmallorcarealestate.com\/?s={search_term_string}\"},\"query-input\":{\"@type\":\"PropertyValueSpecification\",\"valueRequired\":true,\"valueName\":\"search_term_string\"}}],\"inLanguage\":\"en-GB\"}]}<\/script>\n<!-- \/ Yoast SEO plugin. -->","yoast_head_json":{"title":"Preferencias de Cookies - Top Mallorca Real Estate","robots":{"index":"noindex","follow":"nofollow"},"og_locale":"en_GB","og_type":"article","og_title":"Preferencias de Cookies - Top Mallorca Real Estate","og_description":"Preferencias de Cookies \u00a0El sitio Web https:\/\/topmallorcarealestate.com utiliza cookies propias y de terceros para su correcto funcionamiento y para fines anal\u00edticos. Al hacer clic en el bot\u00f3n Aceptar, acepta el uso de estas tecnolog\u00edas y el procesamiento de sus datos para estos prop\u00f3sitos.\u00a0RECHAZAR\u00a0ACEPTAR TODAS LAS COOKIES Puedes cambiar tus preferencias de cookies en cualquier momento [&hellip;]","og_url":"https:\/\/topmallorcarealestate.com\/en\/cookie-preferences\/","og_site_name":"Top Mallorca Real Estate","article_modified_time":"2025-01-23T16:26:21+00:00","twitter_card":"summary_large_image","twitter_misc":{"Estimated reading time":"1 minute"},"schema":{"@context":"https:\/\/schema.org","@graph":[{"@type":"WebPage","@id":"https:\/\/topmallorcarealestate.com\/preferencias-de-cookies\/","url":"https:\/\/topmallorcarealestate.com\/preferencias-de-cookies\/","name":"Preferencias de Cookies - Top Mallorca Real Estate","isPartOf":{"@id":"https:\/\/topmallorcarealestate.com\/#website"},"datePublished":"2025-01-22T10:57:28+00:00","dateModified":"2025-01-23T16:26:21+00:00","breadcrumb":{"@id":"https:\/\/topmallorcarealestate.com\/preferencias-de-cookies\/#breadcrumb"},"inLanguage":"en-GB","potentialAction":[{"@type":"ReadAction","target":["https:\/\/topmallorcarealestate.com\/preferencias-de-cookies\/"]}]},{"@type":"BreadcrumbList","@id":"https:\/\/topmallorcarealestate.com\/preferencias-de-cookies\/#breadcrumb","itemListElement":[{"@type":"ListItem","position":1,"name":"Portada","item":"https:\/\/topmallorcarealestate.com\/"},{"@type":"ListItem","position":2,"name":"Preferencias de Cookies"}]},{"@type":"WebSite","@id":"https:\/\/topmallorcarealestate.com\/#website","url":"https:\/\/topmallorcarealestate.com\/","name":"Top Mallorca Real Estate","description":"Tu Inmobiliaria de Confianza en Mallorca","potentialAction":[{"@type":"SearchAction","target":{"@type":"EntryPoint","urlTemplate":"https:\/\/topmallorcarealestate.com\/?s={search_term_string}"},"query-input":{"@type":"PropertyValueSpecification","valueRequired":true,"valueName":"search_term_string"}}],"inLanguage":"en-GB"}]}},"_links":{"self":[{"href":"https:\/\/topmallorcarealestate.com\/en\/wp-json\/wp\/v2\/pages\/268","targetHints":{"allow":["GET"]}}],"collection":[{"href":"https:\/\/topmallorcarealestate.com\/en\/wp-json\/wp\/v2\/pages"}],"about":[{"href":"https:\/\/topmallorcarealestate.com\/en\/wp-json\/wp\/v2\/types\/page"}],"author":[{"embeddable":true,"href":"https:\/\/topmallorcarealestate.com\/en\/wp-json\/wp\/v2\/users\/1"}],"replies":[{"embeddable":true,"href":"https:\/\/topmallorcarealestate.com\/en\/wp-json\/wp\/v2\/comments?post=268"}],"version-history":[{"count":4,"href":"https:\/\/topmallorcarealestate.com\/en\/wp-json\/wp\/v2\/pages\/268\/revisions"}],"predecessor-version":[{"id":526,"href":"https:\/\/topmallorcarealestate.com\/en\/wp-json\/wp\/v2\/pages\/268\/revisions\/526"}],"wp:attachment":[{"href":"https:\/\/topmallorcarealestate.com\/en\/wp-json\/wp\/v2\/media?parent=268"}],"curies":[{"name":"wp","href":"https:\/\/api.w.org\/{rel}","templated":true}]}}