{"id":266,"date":"2025-01-22T10:56:59","date_gmt":"2025-01-22T10:56:59","guid":{"rendered":"https:\/\/topmallorcarealestate.com\/?page_id=266"},"modified":"2025-01-23T16:23:52","modified_gmt":"2025-01-23T16:23:52","slug":"privacy-policy","status":"publish","type":"page","link":"https:\/\/topmallorcarealestate.com\/en\/privacy-policy\/","title":{"rendered":"Privacy Policy"},"content":{"rendered":"<div data-elementor-type=\"wp-page\" data-elementor-id=\"266\" class=\"elementor elementor-266\" data-elementor-post-type=\"page\">\n\t\t\t\t\t\t<section class=\"elementor-section elementor-top-section elementor-element elementor-element-6e7da785 elementor-section-boxed elementor-section-height-default elementor-section-height-default\" data-id=\"6e7da785\" data-element_type=\"section\" data-settings=\"{&quot;background_background&quot;:&quot;classic&quot;}\">\n\t\t\t\t\t\t\t<div class=\"elementor-background-overlay\"><\/div>\n\t\t\t\t\t\t\t<div class=\"elementor-container elementor-column-gap-no\">\n\t\t\t\t\t<div class=\"elementor-column elementor-col-100 elementor-top-column elementor-element elementor-element-725274cb\" data-id=\"725274cb\" data-element_type=\"column\">\n\t\t\t<div class=\"elementor-widget-wrap elementor-element-populated\">\n\t\t\t\t\t\t<section class=\"elementor-section elementor-inner-section elementor-element elementor-element-2acfb332 elementor-section-boxed elementor-section-height-default elementor-section-height-default\" data-id=\"2acfb332\" data-element_type=\"section\" data-settings=\"{&quot;background_background&quot;:&quot;slideshow&quot;,&quot;background_slideshow_gallery&quot;:[],&quot;background_slideshow_loop&quot;:&quot;yes&quot;,&quot;background_slideshow_slide_duration&quot;:5000,&quot;background_slideshow_slide_transition&quot;:&quot;fade&quot;,&quot;background_slideshow_transition_duration&quot;:500}\">\n\t\t\t\t\t\t<div class=\"elementor-container elementor-column-gap-no\">\n\t\t\t\t\t<div class=\"elementor-column elementor-col-50 elementor-inner-column elementor-element elementor-element-35478a20\" data-id=\"35478a20\" data-element_type=\"column\">\n\t\t\t<div class=\"elementor-widget-wrap elementor-element-populated\">\n\t\t\t\t\t\t<div class=\"elementor-element elementor-element-351c2dce elementor-widget elementor-widget-heading\" data-id=\"351c2dce\" data-element_type=\"widget\" data-widget_type=\"heading.default\">\n\t\t\t\t<div class=\"elementor-widget-container\">\n\t\t\t\t\t<h1 class=\"elementor-heading-title elementor-size-default\">Privacy Policy<\/h1>\t\t\t\t<\/div>\n\t\t\t\t<\/div>\n\t\t\t\t\t<\/div>\n\t\t<\/div>\n\t\t\t\t<div class=\"elementor-column elementor-col-50 elementor-inner-column elementor-element elementor-element-7a669b86\" data-id=\"7a669b86\" data-element_type=\"column\">\n\t\t\t<div class=\"elementor-widget-wrap\">\n\t\t\t\t\t\t\t<\/div>\n\t\t<\/div>\n\t\t\t\t\t<\/div>\n\t\t<\/section>\n\t\t\t\t\t<\/div>\n\t\t<\/div>\n\t\t\t\t\t<\/div>\n\t\t<\/section>\n\t\t\t\t<section class=\"elementor-section elementor-top-section elementor-element elementor-element-33beb26e elementor-section-boxed elementor-section-height-default elementor-section-height-default\" data-id=\"33beb26e\" data-element_type=\"section\">\n\t\t\t\t\t\t<div class=\"elementor-container elementor-column-gap-no\">\n\t\t\t\t\t<div class=\"elementor-column elementor-col-100 elementor-top-column elementor-element elementor-element-62e3caa8\" data-id=\"62e3caa8\" data-element_type=\"column\">\n\t\t\t<div class=\"elementor-widget-wrap elementor-element-populated\">\n\t\t\t\t\t\t<div class=\"elementor-element elementor-element-2a7753d5 elementor-widget elementor-widget-text-editor\" data-id=\"2a7753d5\" data-element_type=\"widget\" data-widget_type=\"text-editor.default\">\n\t\t\t\t<div class=\"elementor-widget-container\">\n\t\t\t\t\t\t\t\t\t<p>The Owner informs you about its Privacy Policy regarding the processing and protection of users&#039; personal data that may be collected while browsing the Website:\u00a0<a href=\"https:\/\/topmallorcarealestate.com\/en\/privacy-policy\/\">https:\/\/topmallorcarealestate.com<\/a><\/p><p>In this regard, the Owner guarantees compliance with current regulations on personal data protection, as reflected in Organic Law 3\/2018, of December 5, on the Protection of Personal Data and the Guarantee of Digital Rights (LOPD GDD). It also complies with Regulation (EU) 2016\/679 of the European Parliament and of the Council of April 27, 2016, on the protection of natural persons (GDPR).<\/p><p>The use of the Website implies acceptance of this Privacy Policy as well as the conditions included in the \u00a0<a href=\"https:\/\/topmallorcarealestate.com\/en\/legal-notice\/\">Legal Notice<\/a>.<\/p><h2>Identity of the Responsible Party<\/h2><ul><li><b>Responsible:<\/b>\u00a0 TOP MALLORCA DEVELOPMENTS AND PROPERTY CARE SL.<\/li><li><b>NIF:<\/b>\u00a0B72762834<\/li><li><b>Home:<\/b>\u00a0 Camino de Jes\u00fas, 102, 07011 Palma, Balearic Islands \u2013 Spain.<\/li><li><b>Email:<\/b>\u00a0 info@topmallorcarealestate.com<\/li><li><b>Contact telephone number:<\/b>\u00a0 +34 603 50 27 07<\/li><li><b>Website:<\/b>\u00a0\u00a0<a href=\"https:\/\/topmallorcarealestate.com\/en\/privacy-policy\/\">https:\/\/topmallorcarealestate.com<\/a><\/li><\/ul><h2>Principles applied in Data Processing<\/h2><p>In processing your personal data, the Data Controller will apply the following principles that comply with the requirements of the new European Data Protection Regulation (GDPR):<\/p><ul><li>Principle of legality, loyalty, and transparency: The Data Controller will always require consent for the processing of personal data, which may be for one or more specific purposes about which the Data Controller will inform the User in advance with absolute transparency.<\/li><li>Data minimization principle: The Data Controller will request only the data strictly necessary for the purpose or purposes for which it is requested.<\/li><li>Principle of retention period limitation: The Data Controller will retain the personal data collected for the period strictly necessary for the purpose(s) of processing. The Data Controller will inform the User of the corresponding retention period, depending on the purpose.<br \/>In the case of subscriptions, the Owner will periodically review the lists and delete those records that have been inactive for a considerable period of time.<\/li><li>Principle of integrity and confidentiality: The personal data collected will be treated in such a way that its security, confidentiality, and integrity are guaranteed.<br \/>The Owner takes the necessary precautions to prevent unauthorized access or misuse of its users&#039; data by third parties.<\/li><\/ul><h2>Obtaining Personal Data<\/h2><p>You do not need to provide any personal data to browse the website.<\/p><p>The cases in which you do provide your personal data are the following:<\/p><ul><li>By subscribing to a subscription form or newsletter that the Owner manages with MailChimp.<\/li><\/ul><h2>Rights<\/h2><p>The Owner informs you that regarding your personal data you have the right to:<\/p><ul><li>Request access to stored data.<\/li><li>Request rectification or deletion.<\/li><li>Request limitation of your processing.<\/li><li>Oppose treatment.<\/li><\/ul><p>You cannot exercise the right to data portability.<\/p><p>The exercise of these rights is personal and therefore must be exercised directly by the interested party, by requesting it directly from the Owner. This means that any client, subscriber, or collaborator who has provided their data at any time may contact the Owner and request information about the data stored and how it was obtained, request rectification of said data, oppose its processing, limit its use, or request the deletion of said data from the Owner&#039;s files.<\/p><p>To exercise your rights, you must send your request along with a photocopy of your National Identity Document or equivalent to the email address: info@topmallorcarealestate.com<\/p><p>The exercise of these rights does not include any data that the Data Subject is required to retain for administrative, legal, or security purposes.<\/p><p>You have the right to effective judicial protection and to lodge a complaint with the supervisory authority, in this case, the Spanish Data Protection Agency, if you believe that the processing of your personal data violates the Regulation.<\/p><h2 id=\"finalidad-del-tratamiento-de-datos-personales\">Purpose of the processing of Personal Data<\/h2><p>When you connect to the Website to send an email to the Owner or subscribe to its newsletter, you are providing personal information for which the Owner is responsible. This information may include personal data such as your IP address, first and last name, physical address, email address, telephone number, and other information. By providing this information, you consent to the collection, use, management, and storage of your information by Raiola Networks only as described on the pages:<\/p><ul><li><a href=\"https:\/\/topmallorcarealestate.com\/en\/legal-notice\/\">Legal Notice<\/a><\/li><li><a href=\"https:\/\/topmallorcarealestate.com\/en\/privacy-policy\/\">Privacy Policy<\/a><\/li><\/ul><p>The personal data and the purpose of the processing by the Owner are different depending on the information capture system:<\/p><ul><li>Content subscription forms: The Owner requests the following personal data: first and last name, email address, telephone number, and website address to manage the subscription list, send newsletters, promotions, and special offers. The personal data provided to the Owner will be stored on the servers of The Rocket Science Group LLC d\/b\/a, domiciled in the USA (Mailchimp).<\/li><\/ul><p>There are other purposes for which the Owner processes personal data:<\/p><ul><li>To ensure compliance with the conditions set forth on the Legal Notice page and applicable law. This may include the development of tools and algorithms that help the Website ensure the confidentiality of the personal data it collects.<\/li><li>To support and improve the services offered by this Website.<\/li><li>To analyze user navigation. The Owner collects other non-identifying data obtained through the use of cookies that are downloaded to the User&#039;s computer when browsing the Website, the characteristics and purpose of which are detailed on the website&#039;s privacy policy page.\u00a0<a href=\"https:\/\/topmallorcarealestate.com\/en\/cookie-policy\/\">Cookie Policy<\/a>.<\/li><li><p>To manage social media. The Data Controller has a presence on social media. If you become a follower on the Data Controller&#039;s social media accounts, the processing of your personal data will be governed by this section, as well as by the terms of use, privacy policies, and access regulations applicable to the relevant social media platform, which you have previously accepted.<br \/>You can consult the privacy policies of the main social networks at these links:<\/p><ul><li><a href=\"https:\/\/www.facebook.com\/help\/cookies\" target=\"_blank\" rel=\"nofollow noopener\">Facebook<\/a><\/li><li><a href=\"https:\/\/twitter.com\/privacy\" target=\"_blank\" rel=\"nofollow noopener\">Twitter<\/a><\/li><li><a href=\"https:\/\/www.linkedin.com\/legal\/cookie-policy\" target=\"_blank\" rel=\"nofollow noopener\">Linkedin<\/a><\/li><li><a href=\"https:\/\/www.youtube.com\/privacy\" target=\"_blank\" rel=\"nofollow noopener\">YouTube<\/a><\/li><li><a href=\"https:\/\/www.instagram.com\/legal\/privacy\/\" target=\"_blank\" rel=\"nofollow noopener\">Instagram<\/a><\/li><\/ul><p>The Data Controller will process your personal data for the purpose of properly managing your presence on the social network, informing you about its activities, and for any other purposes permitted by social network regulations.<\/p><p>Under no circumstances will the Owner use the profiles of followers on social networks to send advertising individually.<\/p><\/li><\/ul><h2>Personal Data Security<\/h2><p>To protect your personal data, the Data Controller takes all reasonable precautions and follows industry best practices to prevent its loss, misuse, unauthorized access, disclosure, alteration, or destruction.<\/p><p>The website is hosted by Raiola Networks. Data security is guaranteed, as they take all necessary security measures. You can consult their privacy policy for more information.<\/p><p>The Data Controller informs the User that their personal data will not be transferred to third-party organizations, except when such transfer is covered by a legal obligation or when the provision of a service requires a contractual relationship with a data processor. In the latter case, data will only be transferred to a third party when the Data Controller has the User&#039;s express consent.<\/p><p>However, in some cases, collaborations with other professionals may be possible. In these cases, the User&#039;s consent will be required, informing them of the collaborator&#039;s identity and the purpose of the collaboration. This will always be done with the strictest security standards.<\/p><h2>Content from other websites<\/h2><p>Pages on this website may include embedded content (e.g., videos, images, articles, etc.). Embedded content from other websites behaves in the exact same way as if you have visited the other website.<\/p><p>These websites may collect data about you, use cookies, embed additional third-party tracking code, and monitor your interaction using this code.<\/p><h2>Cookie Policy<\/h2><p>For this website to function properly, it needs to use cookies, which is information stored in your web browser.<\/p><p>You can consult all the information related to the policy for the collection and processing of cookies on the page\u00a0<a href=\"https:\/\/topmallorcarealestate.com\/en\/cookie-policy\/\">Cookie Policy<\/a>.<\/p><h2>Legitimation for Data Processing<\/h2><p>The legal basis for the processing of your data is:<\/p><ul><li>The consent of the interested party.<\/li><\/ul><h2>Categories of Personal Data<\/h2><p>The categories of personal data processed by the Data Controller are:<\/p><ul><li>Identification data.<\/li><li>No categories of specially protected data are processed.<\/li><\/ul><h2>Conservation of Personal Data<\/h2><p>The personal data provided to the Owner will be retained until you request its deletion.<\/p><div id=\"destinatarios\"><h2>Recipients of Personal Data<\/h2><ul><li><b>Mailchimp<\/b>\u00a0The Rocket Science Group LLC d\/b\/a, domiciled in the USA.<br \/>More information at:\u00a0<a href=\"https:\/\/mailchimp.com\/legal\/privacy\/\" target=\"_blank\" rel=\"nofollow noopener\">https:\/\/mailchimp.com<\/a><br \/>The Rocket Science Group LLC d\/b\/a processes the data for the purpose of providing its email marketing services to the Data Subject.<\/li><li><b>Google Analytics<\/b>\u00a0It is a web analytics service provided by Google, Inc., a Delaware company whose main office is at 1600 Amphitheatre Parkway, Mountain View (California), CA 94043, United States (&quot;Google&quot;).<br \/>Google Analytics uses &quot;cookies,&quot; which are text files placed on your computer, to help the Owner analyze how users use the website. The information generated by the cookie about your use of the website (including your IP address) will be transmitted to and stored by Google on servers in the United States.<br \/>More information at:\u00a0<a href=\"https:\/\/policies.google.com\/privacy?hl=es-ES\" target=\"_blank\" rel=\"nofollow noopener\">https:\/\/analytics.google.com<\/a><\/li><\/ul><p><span style=\"font-family: -apple-system, BlinkMacSystemFont, 'Segoe UI', Roboto, 'Helvetica Neue', Arial, 'Noto Sans', sans-serif, 'Apple Color Emoji', 'Segoe UI Emoji', 'Segoe UI Symbol', 'Noto Color Emoji';\">You can see how Google manages privacy regarding the use of cookies and other information on the Google Privacy Policy page: <\/span><a style=\"font-family: -apple-system, BlinkMacSystemFont, 'Segoe UI', Roboto, 'Helvetica Neue', Arial, 'Noto Sans', sans-serif, 'Apple Color Emoji', 'Segoe UI Emoji', 'Segoe UI Symbol', 'Noto Color Emoji';\" href=\"https:\/\/policies.google.com\/privacy?hl=es\" target=\"_blank\" rel=\"nofollow noopener\">https:\/\/policies.google.com\/privacy?hl=es<\/a><\/p><\/div><p>You can also see a list of the types of cookies used by Google and its partners and full information about their use of advertising cookies at:<\/p><ul><li><a href=\"https:\/\/policies.google.com\/technologies\/types?hl=es\" target=\"_blank\" rel=\"nofollow noopener\">Types of cookies used by Google<\/a><\/li><li><a href=\"https:\/\/policies.google.com\/technologies\/ads?hl=es\" target=\"_blank\" rel=\"nofollow noopener\">How Google uses cookies in advertising<\/a>.<\/li><\/ul><h2>Web Browsing<\/h2><p>When you browse the Website, non-identifying data may be collected, which may include your IP address, geolocation, a record of how you use the services and sites, browsing habits, and other data that cannot be used to identify you.<\/p><p>The Website uses the following third-party analytics services:<\/p><ul><li>Google Analytics.<\/li><\/ul><p>The Owner uses the information obtained to obtain statistical data, analyze trends, administer the site, study browsing patterns, and gather demographic information.<\/p><p>The Owner is not responsible for the processing of personal data carried out by the websites that may be accessed through the various links contained on the Website.<\/p><h2>Accuracy and veracity of Personal Data<\/h2><p>You agree that the data you provide to the Data Controller is correct, complete, accurate, and up-to-date, and that you will keep it updated.<\/p><p>As a User of the Website, you are solely responsible for the veracity and accuracy of the data submitted to the Website, exonerating the Owner of any liability in this regard.<\/p><h2>Acceptance and Consent<\/h2><p>As a Website User, you declare that you have been informed of the conditions regarding the protection of personal data, and you accept and consent to the processing of such data by the Owner in the manner and for the purposes indicated in this Privacy Policy.<\/p><p>To contact the Owner, subscribe to a newsletter, or post comments on this website, you must accept this Privacy Policy.<\/p><h2>Changes to the Privacy Policy<\/h2><p>The Owner reserves the right to modify this Privacy Policy to adapt it to new legislation or jurisprudence, as well as to industry practices.<\/p><p>These policies will remain in effect until modified by duly published policies.<\/p>\t\t\t\t\t\t\t\t<\/div>\n\t\t\t\t<\/div>\n\t\t\t\t\t<\/div>\n\t\t<\/div>\n\t\t\t\t\t<\/div>\n\t\t<\/section>\n\t\t\t\t<\/div>","protected":false},"excerpt":{"rendered":"<p>Pol\u00edtica de Privacidad El Titular le informa sobre su Pol\u00edtica de Privacidad respecto del tratamiento y protecci\u00f3n de los datos de car\u00e1cter personal de los usuarios que puedan ser recabados durante la navegaci\u00f3n a trav\u00e9s del Sitio Web:\u00a0https:\/\/topmallorcarealestate.com En este sentido, el Titular garantiza el cumplimiento de la normativa vigente en materia de protecci\u00f3n de [&hellip;]<\/p>","protected":false},"author":1,"featured_media":0,"parent":0,"menu_order":0,"comment_status":"closed","ping_status":"closed","template":"elementor_header_footer","meta":{"_joinchat":[],"footnotes":""},"class_list":["post-266","page","type-page","status-publish","hentry"],"yoast_head":"<!-- This site is optimized with the Yoast SEO plugin v25.1 - https:\/\/yoast.com\/wordpress\/plugins\/seo\/ -->\n<title>Pol\u00edtica de Privacidad - Top Mallorca Real Estate<\/title>\n<meta name=\"robots\" content=\"noindex, nofollow\" \/>\n<meta property=\"og:locale\" content=\"en_GB\" \/>\n<meta property=\"og:type\" content=\"article\" \/>\n<meta property=\"og:title\" content=\"Pol\u00edtica de Privacidad - Top Mallorca Real Estate\" \/>\n<meta property=\"og:description\" content=\"Pol\u00edtica de Privacidad El Titular le informa sobre su Pol\u00edtica de Privacidad respecto del tratamiento y protecci\u00f3n de los datos de car\u00e1cter personal de los usuarios que puedan ser recabados durante la navegaci\u00f3n a trav\u00e9s del Sitio Web:\u00a0https:\/\/topmallorcarealestate.com En este sentido, el Titular garantiza el cumplimiento de la normativa vigente en materia de protecci\u00f3n de [&hellip;]\" \/>\n<meta property=\"og:url\" content=\"https:\/\/topmallorcarealestate.com\/en\/privacy-policy\/\" \/>\n<meta property=\"og:site_name\" content=\"Top Mallorca Real Estate\" \/>\n<meta property=\"article:modified_time\" content=\"2025-01-23T16:23:52+00:00\" \/>\n<meta name=\"twitter:card\" content=\"summary_large_image\" \/>\n<meta name=\"twitter:label1\" content=\"Estimated reading time\" \/>\n\t<meta name=\"twitter:data1\" content=\"9 minutes\" \/>\n<script type=\"application\/ld+json\" class=\"yoast-schema-graph\">{\"@context\":\"https:\/\/schema.org\",\"@graph\":[{\"@type\":\"WebPage\",\"@id\":\"https:\/\/topmallorcarealestate.com\/politica-de-privacidad\/\",\"url\":\"https:\/\/topmallorcarealestate.com\/politica-de-privacidad\/\",\"name\":\"Pol\u00edtica de Privacidad - Top Mallorca Real Estate\",\"isPartOf\":{\"@id\":\"https:\/\/topmallorcarealestate.com\/#website\"},\"datePublished\":\"2025-01-22T10:56:59+00:00\",\"dateModified\":\"2025-01-23T16:23:52+00:00\",\"breadcrumb\":{\"@id\":\"https:\/\/topmallorcarealestate.com\/politica-de-privacidad\/#breadcrumb\"},\"inLanguage\":\"en-GB\",\"potentialAction\":[{\"@type\":\"ReadAction\",\"target\":[\"https:\/\/topmallorcarealestate.com\/politica-de-privacidad\/\"]}]},{\"@type\":\"BreadcrumbList\",\"@id\":\"https:\/\/topmallorcarealestate.com\/politica-de-privacidad\/#breadcrumb\",\"itemListElement\":[{\"@type\":\"ListItem\",\"position\":1,\"name\":\"Portada\",\"item\":\"https:\/\/topmallorcarealestate.com\/\"},{\"@type\":\"ListItem\",\"position\":2,\"name\":\"Pol\u00edtica de Privacidad\"}]},{\"@type\":\"WebSite\",\"@id\":\"https:\/\/topmallorcarealestate.com\/#website\",\"url\":\"https:\/\/topmallorcarealestate.com\/\",\"name\":\"Top Mallorca Real Estate\",\"description\":\"Tu Inmobiliaria de Confianza en Mallorca\",\"potentialAction\":[{\"@type\":\"SearchAction\",\"target\":{\"@type\":\"EntryPoint\",\"urlTemplate\":\"https:\/\/topmallorcarealestate.com\/?s={search_term_string}\"},\"query-input\":{\"@type\":\"PropertyValueSpecification\",\"valueRequired\":true,\"valueName\":\"search_term_string\"}}],\"inLanguage\":\"en-GB\"}]}<\/script>\n<!-- \/ Yoast SEO plugin. -->","yoast_head_json":{"title":"Pol\u00edtica de Privacidad - Top Mallorca Real Estate","robots":{"index":"noindex","follow":"nofollow"},"og_locale":"en_GB","og_type":"article","og_title":"Pol\u00edtica de Privacidad - Top Mallorca Real Estate","og_description":"Pol\u00edtica de Privacidad El Titular le informa sobre su Pol\u00edtica de Privacidad respecto del tratamiento y protecci\u00f3n de los datos de car\u00e1cter personal de los usuarios que puedan ser recabados durante la navegaci\u00f3n a trav\u00e9s del Sitio Web:\u00a0https:\/\/topmallorcarealestate.com En este sentido, el Titular garantiza el cumplimiento de la normativa vigente en materia de protecci\u00f3n de [&hellip;]","og_url":"https:\/\/topmallorcarealestate.com\/en\/privacy-policy\/","og_site_name":"Top Mallorca Real Estate","article_modified_time":"2025-01-23T16:23:52+00:00","twitter_card":"summary_large_image","twitter_misc":{"Estimated reading time":"9 minutes"},"schema":{"@context":"https:\/\/schema.org","@graph":[{"@type":"WebPage","@id":"https:\/\/topmallorcarealestate.com\/politica-de-privacidad\/","url":"https:\/\/topmallorcarealestate.com\/politica-de-privacidad\/","name":"Pol\u00edtica de Privacidad - Top Mallorca Real Estate","isPartOf":{"@id":"https:\/\/topmallorcarealestate.com\/#website"},"datePublished":"2025-01-22T10:56:59+00:00","dateModified":"2025-01-23T16:23:52+00:00","breadcrumb":{"@id":"https:\/\/topmallorcarealestate.com\/politica-de-privacidad\/#breadcrumb"},"inLanguage":"en-GB","potentialAction":[{"@type":"ReadAction","target":["https:\/\/topmallorcarealestate.com\/politica-de-privacidad\/"]}]},{"@type":"BreadcrumbList","@id":"https:\/\/topmallorcarealestate.com\/politica-de-privacidad\/#breadcrumb","itemListElement":[{"@type":"ListItem","position":1,"name":"Portada","item":"https:\/\/topmallorcarealestate.com\/"},{"@type":"ListItem","position":2,"name":"Pol\u00edtica de Privacidad"}]},{"@type":"WebSite","@id":"https:\/\/topmallorcarealestate.com\/#website","url":"https:\/\/topmallorcarealestate.com\/","name":"Top Mallorca Real Estate","description":"Tu Inmobiliaria de Confianza en Mallorca","potentialAction":[{"@type":"SearchAction","target":{"@type":"EntryPoint","urlTemplate":"https:\/\/topmallorcarealestate.com\/?s={search_term_string}"},"query-input":{"@type":"PropertyValueSpecification","valueRequired":true,"valueName":"search_term_string"}}],"inLanguage":"en-GB"}]}},"_links":{"self":[{"href":"https:\/\/topmallorcarealestate.com\/en\/wp-json\/wp\/v2\/pages\/266","targetHints":{"allow":["GET"]}}],"collection":[{"href":"https:\/\/topmallorcarealestate.com\/en\/wp-json\/wp\/v2\/pages"}],"about":[{"href":"https:\/\/topmallorcarealestate.com\/en\/wp-json\/wp\/v2\/types\/page"}],"author":[{"embeddable":true,"href":"https:\/\/topmallorcarealestate.com\/en\/wp-json\/wp\/v2\/users\/1"}],"replies":[{"embeddable":true,"href":"https:\/\/topmallorcarealestate.com\/en\/wp-json\/wp\/v2\/comments?post=266"}],"version-history":[{"count":4,"href":"https:\/\/topmallorcarealestate.com\/en\/wp-json\/wp\/v2\/pages\/266\/revisions"}],"predecessor-version":[{"id":522,"href":"https:\/\/topmallorcarealestate.com\/en\/wp-json\/wp\/v2\/pages\/266\/revisions\/522"}],"wp:attachment":[{"href":"https:\/\/topmallorcarealestate.com\/en\/wp-json\/wp\/v2\/media?parent=266"}],"curies":[{"name":"wp","href":"https:\/\/api.w.org\/{rel}","templated":true}]}}